{"id":6341,"date":"2025-10-13T13:23:14","date_gmt":"2025-10-13T11:23:14","guid":{"rendered":"http:\/\/seven.mobilsofa.live\/?page_id=6341"},"modified":"2025-10-13T13:25:54","modified_gmt":"2025-10-13T11:25:54","slug":"data-element","status":"publish","type":"page","link":"https:\/\/mobilsofa.com\/en\/adatvedelem\/","title":{"rendered":"Adatv\u00e9delem"},"content":{"rendered":"<div data-elementor-type=\"wp-page\" data-elementor-id=\"6341\" class=\"elementor elementor-6341\" data-elementor-post-type=\"page\">\n\t\t\t\t<div class=\"elementor-element elementor-element-9f4138a e-flex e-con-boxed e-con e-parent\" data-id=\"9f4138a\" data-element_type=\"container\">\n\t\t\t\t\t<div class=\"e-con-inner\">\n\t\t\t\t<div class=\"elementor-element elementor-element-20fd0e4 elementor-widget elementor-widget-text-editor\" data-id=\"20fd0e4\" data-element_type=\"widget\" data-widget_type=\"text-editor.default\">\n\t\t\t\t\t\t\t\t\t<h1 class=\"title\">Privacy Statement<\/h1><p>You can download our latest privacy statement by clicking on the Download button.<\/p><p>For english version please contact us at <a href=\"mailto:hello@mobilsofa.com\">hello@mobilsofa.com<\/a>!<\/p>\t\t\t\t\t\t\t\t<\/div>\n\t\t\t\t<div class=\"elementor-element elementor-element-e5a4a80 elementor-widget elementor-widget-button\" data-id=\"e5a4a80\" data-element_type=\"widget\" data-widget_type=\"button.default\">\n\t\t\t\t\t\t\t\t\t\t<a class=\"elementor-button elementor-button-link elementor-size-sm\" href=\"\/wp-content\/uploads\/2025\/10\/Mobilsofa_Kft_adatkezelesi_tajekoztato_v2.pdf\">\n\t\t\t\t\t\t<span class=\"elementor-button-content-wrapper\">\n\t\t\t\t\t\t\t\t\t<span class=\"elementor-button-text\">Download from<\/span>\n\t\t\t\t\t<\/span>\n\t\t\t\t\t<\/a>\n\t\t\t\t\t\t\t\t<\/div>\n\t\t\t\t\t<\/div>\n\t\t\t\t<\/div>\n\t\t\t\t<\/div>","protected":false},"excerpt":{"rendered":"<p>Adatv\u00e9delmi Nyilatkozat A legfrissebb adatv\u00e9delmi nyilatkozatunkat a Let\u00f6lt\u00e9s gombra kattintva t\u00f6ltheted le. For english version please contact us at hello@mobilsofa.com! Let\u00f6lt\u00e9s<\/p>","protected":false},"author":2,"featured_media":0,"parent":0,"menu_order":0,"comment_status":"closed","ping_status":"closed","template":"","meta":{"_acf_changed":false,"inline_featured_image":false,"footnotes":""},"class_list":["post-6341","page","type-page","status-publish","hentry"],"acf":[],"meta_box":[],"_links":{"self":[{"href":"https:\/\/mobilsofa.com\/en\/wp-json\/wp\/v2\/pages\/6341","targetHints":{"allow":["GET"]}}],"collection":[{"href":"https:\/\/mobilsofa.com\/en\/wp-json\/wp\/v2\/pages"}],"about":[{"href":"https:\/\/mobilsofa.com\/en\/wp-json\/wp\/v2\/types\/page"}],"author":[{"embeddable":true,"href":"https:\/\/mobilsofa.com\/en\/wp-json\/wp\/v2\/users\/2"}],"replies":[{"embeddable":true,"href":"https:\/\/mobilsofa.com\/en\/wp-json\/wp\/v2\/comments?post=6341"}],"version-history":[{"count":3,"href":"https:\/\/mobilsofa.com\/en\/wp-json\/wp\/v2\/pages\/6341\/revisions"}],"predecessor-version":[{"id":6346,"href":"https:\/\/mobilsofa.com\/en\/wp-json\/wp\/v2\/pages\/6341\/revisions\/6346"}],"wp:attachment":[{"href":"https:\/\/mobilsofa.com\/en\/wp-json\/wp\/v2\/media?parent=6341"}],"curies":[{"name":"wp","href":"https:\/\/api.w.org\/{rel}","templated":true}]}}