{"id":4356,"date":"2025-09-29T08:24:34","date_gmt":"2025-09-29T06:24:34","guid":{"rendered":"http:\/\/seven.mobilsofa.live\/request-a-quote\/"},"modified":"2026-02-16T09:41:08","modified_gmt":"2026-02-16T08:41:08","slug":"request-a-quote","status":"publish","type":"page","link":"https:\/\/mobilsofa.com\/en\/request-a-quote\/","title":{"rendered":"Ask us for a quote!"},"content":{"rendered":"<div data-elementor-type=\"wp-page\" data-elementor-id=\"4356\" class=\"elementor elementor-4356\" data-elementor-post-type=\"page\">\n\t\t\t\t<div class=\"elementor-element elementor-element-5d161e1 e-flex e-con-boxed e-con e-parent\" data-id=\"5d161e1\" data-element_type=\"container\">\n\t\t\t\t\t<div class=\"e-con-inner\">\n\t\t\t\t<div class=\"elementor-element elementor-element-7ab2951 elementor-widget elementor-widget-heading\" data-id=\"7ab2951\" data-element_type=\"widget\" data-widget_type=\"heading.default\">\n\t\t\t\t\t<h1 class=\"elementor-heading-title elementor-size-default\">Ask us for a quote!<\/h1>\t\t\t\t<\/div>\n\t\t\t\t<div class=\"elementor-element elementor-element-f55ce21 elementor-widget__width-initial elementor-hidden-desktop elementor-hidden-laptop elementor-hidden-tablet elementor-hidden-mobile elementor-widget elementor-widget-text-editor\" data-id=\"f55ce21\" data-element_type=\"widget\" data-widget_type=\"text-editor.default\">\n\t\t\t\t\t\t\t\t\t<p>Whether you have a concrete idea or just a basic idea, you're in the right place. Contact us and we'll help you bring your event to life.<\/p>\t\t\t\t\t\t\t\t<\/div>\n\t\t\t\t\t<\/div>\n\t\t\t\t<\/div>\n\t\t<div class=\"elementor-element elementor-element-c636424 mobilsofa-request-a-quote e-flex e-con-boxed e-con e-parent\" data-id=\"c636424\" data-element_type=\"container\">\n\t\t\t\t\t<div class=\"e-con-inner\">\n\t\t\t\t<div class=\"elementor-element elementor-element-ee88dc1 elementor-widget elementor-widget-shortcode\" data-id=\"ee88dc1\" data-element_type=\"widget\" data-widget_type=\"shortcode.default\">\n\t\t\t\t\t\t\t<div class=\"elementor-shortcode\"><div class=\"woocommerce adf-request-quote-page template_two\">\n\t<div class=\"woocommerce-notices-wrapper\"><\/div>\n\t<style type=\"text\/css\">\n\t\t.adf-request-quote-page.template_one{\n\t\t\twidth: 100%!important;\n\t\t\tmax-width: 1000px!important;\n\t\t}\n\t\t.adf-request-quote-page.template_two{\n\t\t\twidth: 100%!important;\n\t\t\tmax-width:1160px!important\n\t\t}\n\t<\/style>\n\n\t<div class=\"addify\">\n\t\t<p class=\"cart-empty\">Your quote is currently empty.<\/p>\n\t\t\t\t<p class=\"return-to-shop\"><a href=\"https:\/\/mobilsofa.com\/en\/shop\/\" class=\"button wc-backward\">Return To Shop<\/a>\n\t\t<\/p>\n\t<\/div>\n\t\n\t<\/div><\/div>\n\t\t\t\t\t\t<\/div>\n\t\t<div class=\"elementor-element elementor-element-b6b5fd9 e-con-full mobilsofa-request-a-quote-text e-flex e-con e-child\" data-id=\"b6b5fd9\" data-element_type=\"container\">\n\t\t\t\t<div class=\"elementor-element elementor-element-8e61371 elementor-widget__width-initial elementor-widget elementor-widget-text-editor\" data-id=\"8e61371\" data-element_type=\"widget\" data-widget_type=\"text-editor.default\">\n\t\t\t\t\t\t\t\t\t<p>2. Please enter your contact details and our colleague will contact you as soon as possible regarding your request for a quote!<\/p>\t\t\t\t\t\t\t\t<\/div>\n\t\t\t\t<\/div>\n\t\t\t\t\t<\/div>\n\t\t\t\t<\/div>\n\t\t\t\t<\/div>","protected":false},"excerpt":{"rendered":"<p>Ak\u00e1r konkr\u00e9t elk\u00e9pzel\u00e9seid vannak, ak\u00e1r csak egy alap\u00f6tlettel \u00e9rkezel, j\u00f3 helyen j\u00e1rsz. \u00cdrj nek\u00fcnk, \u00e9s seg\u00edt\u00fcnk \u00e9letre kelteni a rendezv\u00e9nyedet. 2. K\u00e9rj\u00fck, add meg el\u00e9rhet\u0151s\u00e9geidet, \u00e9s koll\u00e9g\u00e1nk mihamarabb felveszi a kapcsolatot veled aj\u00e1nlatk\u00e9r\u00e9sedre vonatkoz\u00f3an!<\/p>","protected":false},"author":1,"featured_media":0,"parent":0,"menu_order":0,"comment_status":"closed","ping_status":"closed","template":"","meta":{"_acf_changed":false,"inline_featured_image":false,"footnotes":""},"class_list":["post-4356","page","type-page","status-publish","hentry"],"acf":[],"meta_box":[],"_links":{"self":[{"href":"https:\/\/mobilsofa.com\/en\/wp-json\/wp\/v2\/pages\/4356","targetHints":{"allow":["GET"]}}],"collection":[{"href":"https:\/\/mobilsofa.com\/en\/wp-json\/wp\/v2\/pages"}],"about":[{"href":"https:\/\/mobilsofa.com\/en\/wp-json\/wp\/v2\/types\/page"}],"author":[{"embeddable":true,"href":"https:\/\/mobilsofa.com\/en\/wp-json\/wp\/v2\/users\/1"}],"replies":[{"embeddable":true,"href":"https:\/\/mobilsofa.com\/en\/wp-json\/wp\/v2\/comments?post=4356"}],"version-history":[{"count":56,"href":"https:\/\/mobilsofa.com\/en\/wp-json\/wp\/v2\/pages\/4356\/revisions"}],"predecessor-version":[{"id":21655,"href":"https:\/\/mobilsofa.com\/en\/wp-json\/wp\/v2\/pages\/4356\/revisions\/21655"}],"wp:attachment":[{"href":"https:\/\/mobilsofa.com\/en\/wp-json\/wp\/v2\/media?parent=4356"}],"curies":[{"name":"wp","href":"https:\/\/api.w.org\/{rel}","templated":true}]}}