{"id":3797,"date":"2025-09-18T15:42:46","date_gmt":"2025-09-18T13:42:46","guid":{"rendered":"http:\/\/seven.mobilsofa.live\/?page_id=3797"},"modified":"2026-03-03T11:56:00","modified_gmt":"2026-03-03T10:56:00","slug":"inspiration","status":"publish","type":"page","link":"https:\/\/mobilsofa.com\/en\/inspiraciok\/","title":{"rendered":"Inspirations"},"content":{"rendered":"<div data-elementor-type=\"wp-page\" data-elementor-id=\"3797\" class=\"elementor elementor-3797\" data-elementor-post-type=\"page\">\n\t\t\t\t<div class=\"elementor-element elementor-element-66e00be elementor-hidden-desktop elementor-hidden-laptop elementor-hidden-tablet elementor-hidden-mobile e-flex e-con-boxed e-con e-child\" data-id=\"66e00be\" data-element_type=\"container\">\n\t\t\t\t\t<div class=\"e-con-inner\">\n\t\t<div class=\"elementor-element elementor-element-8b34ea9 e-con-full elementor-hidden-mobile e-flex e-con e-child\" data-id=\"8b34ea9\" data-element_type=\"container\">\n\t\t\t\t<\/div>\n\t\t<div class=\"elementor-element elementor-element-0b00afb e-con-full e-flex e-con e-child\" data-id=\"0b00afb\" data-element_type=\"container\">\n\t\t\t\t<div class=\"elementor-element elementor-element-bba5563 elementor-widget elementor-widget-heading\" data-id=\"bba5563\" data-element_type=\"widget\" data-widget_type=\"heading.default\">\n\t\t\t\t\t<div class=\"elementor-heading-title elementor-size-default\">mobilsofa product catalogue<\/div>\t\t\t\t<\/div>\n\t\t\t\t<div class=\"elementor-element elementor-element-1a9bc0e elementor-widget elementor-widget-heading\" data-id=\"1a9bc0e\" data-element_type=\"widget\" data-widget_type=\"heading.default\">\n\t\t\t\t\t<h2 class=\"elementor-heading-title elementor-size-default\">Get inspired by our range!<\/h2>\t\t\t\t<\/div>\n\t\t\t\t<div class=\"elementor-element elementor-element-88fdce1 elementor-widget__width-initial elementor-widget elementor-widget-text-editor\" data-id=\"88fdce1\" data-element_type=\"widget\" data-widget_type=\"text-editor.default\">\n\t\t\t\t\t\t\t\t\t<p>300+ pages of visuals, solutions and creative ideas. In our catalogue you can not only find out about our event and exhibition equipment, but also find inspiration for their use from our previous creative work.<\/p>\t\t\t\t\t\t\t\t<\/div>\n\t\t\t\t<\/div>\n\t\t\t\t\t<\/div>\n\t\t\t\t<\/div>\n\t\t<div class=\"elementor-element elementor-element-393734c e-flex e-con-boxed e-con e-parent\" data-id=\"393734c\" data-element_type=\"container\">\n\t\t\t\t\t<div class=\"e-con-inner\">\n\t\t<div class=\"elementor-element elementor-element-1350596 e-con-full e-flex e-con e-child\" data-id=\"1350596\" data-element_type=\"container\">\n\t\t<div class=\"elementor-element elementor-element-ed852a2 e-con-full e-flex e-con e-child\" data-id=\"ed852a2\" data-element_type=\"container\">\n\t\t\t\t<div class=\"elementor-element elementor-element-5b6f34e elementor-widget elementor-widget-heading\" data-id=\"5b6f34e\" data-element_type=\"widget\" data-widget_type=\"heading.default\">\n\t\t\t\t\t<div class=\"elementor-heading-title elementor-size-default\">mobilsofa product catalogue<\/div>\t\t\t\t<\/div>\n\t\t\t\t<div class=\"elementor-element elementor-element-b52e587 elementor-widget elementor-widget-heading\" data-id=\"b52e587\" data-element_type=\"widget\" data-widget_type=\"heading.default\">\n\t\t\t\t\t<h2 class=\"elementor-heading-title elementor-size-default\">Get inspired by our range!<\/h2>\t\t\t\t<\/div>\n\t\t\t\t<div class=\"elementor-element elementor-element-a790e6a elementor-widget__width-initial elementor-widget elementor-widget-text-editor\" data-id=\"a790e6a\" data-element_type=\"widget\" data-widget_type=\"text-editor.default\">\n\t\t\t\t\t\t\t\t\t<p>300+ pages of visuals, solutions and creative ideas. In our catalogue you can not only find out about our event and exhibition equipment, but also find inspiration for their use from our previous creative work.<\/p>\t\t\t\t\t\t\t\t<\/div>\n\t\t\t\t<\/div>\n\t\t\t\t<\/div>\n\t\t\t\t\t<\/div>\n\t\t\t\t<\/div>\n\t\t<div class=\"elementor-element elementor-element-2335011 mobilsofa-katalogusok-form e-flex e-con-boxed e-con e-child\" data-id=\"2335011\" data-element_type=\"container\" data-settings=\"{&quot;background_background&quot;:&quot;classic&quot;}\">\n\t\t\t\t\t<div class=\"e-con-inner\">\n\t\t<div class=\"elementor-element elementor-element-ef8cdba e-con-full e-flex e-con e-child\" data-id=\"ef8cdba\" data-element_type=\"container\">\n\t\t\t\t<div class=\"elementor-element elementor-element-cb425d2 elementor-widget elementor-widget-image\" data-id=\"cb425d2\" data-element_type=\"widget\" data-widget_type=\"image.default\">\n\t\t\t\t\t\t\t\t\t\t\t\t\t\t\t<img fetchpriority=\"high\" decoding=\"async\" width=\"538\" height=\"671\" src=\"https:\/\/mobilsofa.com\/wp-content\/uploads\/2025\/08\/mobilsofa-mockup-1.png\" class=\"attachment-full size-full wp-image-389\" alt=\"\" srcset=\"https:\/\/mobilsofa.com\/wp-content\/uploads\/2025\/08\/mobilsofa-mockup-1.png 538w, https:\/\/mobilsofa.com\/wp-content\/uploads\/2025\/08\/mobilsofa-mockup-1-241x300.png 241w\" sizes=\"(max-width: 538px) 100vw, 538px\" \/>\t\t\t\t\t\t\t\t\t\t\t\t\t\t\t<\/div>\n\t\t\t\t<\/div>\n\t\t<div class=\"elementor-element elementor-element-3102e53 e-con-full klaviyo-katalogus e-flex e-con e-child\" data-id=\"3102e53\" data-element_type=\"container\" data-settings=\"{&quot;background_background&quot;:&quot;classic&quot;}\">\n\t\t\t\t<div class=\"elementor-element elementor-element-038f934 elementor-widget elementor-widget-html\" data-id=\"038f934\" data-element_type=\"widget\" data-widget_type=\"html.default\">\n\t\t\t\t\t<div class=\"klaviyo-form-VhavSg\"><\/div>\t\t\t\t<\/div>\n\t\t\t\t<div class=\"elementor-element elementor-element-17f19c4 elementor-widget elementor-widget-html\" data-id=\"17f19c4\" data-element_type=\"widget\" data-widget_type=\"html.default\">\n\t\t\t\t\t<div class=\"klaviyo-form-UcvFjg\"><\/div>\t\t\t\t<\/div>\n\t\t\t\t<\/div>\n\t\t\t\t\t<\/div>\n\t\t\t\t<\/div>\n\t\t\t\t<\/div>","protected":false},"excerpt":{"rendered":"<p>mobilsofa term\u00e9kkatal\u00f3gus Inspir\u00e1l\u00f3dj k\u00edn\u00e1latunkb\u00f3l! 300+ oldalnyi l\u00e1tv\u00e1ny, megold\u00e1s \u00e9s kreat\u00edv gondolat. Katal\u00f3gusunkb\u00f3l nemcsak rendezv\u00e9nyes \u00e9s ki\u00e1ll\u00edt\u00e1si eszk\u00f6zeinket ismerheted meg, de inspir\u00e1l\u00f3dhatsz is azok felhaszn\u00e1l\u00e1s\u00e1hoz kor\u00e1bbi kreat\u00edv munk\u00e1inkb\u00f3l. mobilsofa term\u00e9kkatal\u00f3gus Inspir\u00e1l\u00f3dj k\u00edn\u00e1latunkb\u00f3l! 300+ oldalnyi l\u00e1tv\u00e1ny, megold\u00e1s \u00e9s kreat\u00edv gondolat. Katal\u00f3gusunkb\u00f3l nemcsak rendezv\u00e9nyes \u00e9s ki\u00e1ll\u00edt\u00e1si eszk\u00f6zeinket ismerheted meg, de inspir\u00e1l\u00f3dhatsz is azok felhaszn\u00e1l\u00e1s\u00e1hoz kor\u00e1bbi kreat\u00edv munk\u00e1inkb\u00f3l.<\/p>","protected":false},"author":2,"featured_media":0,"parent":0,"menu_order":0,"comment_status":"closed","ping_status":"closed","template":"","meta":{"_acf_changed":false,"inline_featured_image":false,"footnotes":""},"class_list":["post-3797","page","type-page","status-publish","hentry"],"acf":[],"meta_box":[],"_links":{"self":[{"href":"https:\/\/mobilsofa.com\/en\/wp-json\/wp\/v2\/pages\/3797","targetHints":{"allow":["GET"]}}],"collection":[{"href":"https:\/\/mobilsofa.com\/en\/wp-json\/wp\/v2\/pages"}],"about":[{"href":"https:\/\/mobilsofa.com\/en\/wp-json\/wp\/v2\/types\/page"}],"author":[{"embeddable":true,"href":"https:\/\/mobilsofa.com\/en\/wp-json\/wp\/v2\/users\/2"}],"replies":[{"embeddable":true,"href":"https:\/\/mobilsofa.com\/en\/wp-json\/wp\/v2\/comments?post=3797"}],"version-history":[{"count":61,"href":"https:\/\/mobilsofa.com\/en\/wp-json\/wp\/v2\/pages\/3797\/revisions"}],"predecessor-version":[{"id":22250,"href":"https:\/\/mobilsofa.com\/en\/wp-json\/wp\/v2\/pages\/3797\/revisions\/22250"}],"wp:attachment":[{"href":"https:\/\/mobilsofa.com\/en\/wp-json\/wp\/v2\/media?parent=3797"}],"curies":[{"name":"wp","href":"https:\/\/api.w.org\/{rel}","templated":true}]}}