{"id":285,"date":"2025-08-05T11:57:57","date_gmt":"2025-08-05T09:57:57","guid":{"rendered":"http:\/\/seven.mobilsofa.live\/my-account\/"},"modified":"2025-10-02T09:12:12","modified_gmt":"2025-10-02T07:12:12","slug":"my-account","status":"publish","type":"page","link":"https:\/\/mobilsofa.com\/en\/my-account\/","title":{"rendered":"My profile"},"content":{"rendered":"<div data-elementor-type=\"wp-page\" data-elementor-id=\"285\" class=\"elementor elementor-285\" data-elementor-post-type=\"page\">\n\t\t\t\t<div class=\"elementor-element elementor-element-a7e0cf5 e-flex e-con-boxed e-con e-parent\" data-id=\"a7e0cf5\" data-element_type=\"container\">\n\t\t\t\t\t<div class=\"e-con-inner\">\n\t\t\t\t<div class=\"elementor-element elementor-element-08b3e4b elementor-widget elementor-widget-heading\" data-id=\"08b3e4b\" data-element_type=\"widget\" data-widget_type=\"heading.default\">\n\t\t\t\t\t<h1 class=\"elementor-heading-title elementor-size-default\">My profile<\/h1>\t\t\t\t<\/div>\n\t\t\t\t\t<\/div>\n\t\t\t\t<\/div>\n\t\t<div class=\"elementor-element elementor-element-9e3d595 e-flex e-con-boxed e-con e-parent\" data-id=\"9e3d595\" data-element_type=\"container\">\n\t\t\t\t\t<div class=\"e-con-inner\">\n\t\t\t\t<div class=\"elementor-element elementor-element-1fb1bbb e-my-account-tabs-vertical elementor-widget elementor-widget-woocommerce-my-account\" data-id=\"1fb1bbb\" data-element_type=\"widget\" data-widget_type=\"woocommerce-my-account.default\">\n\t\t\t\t\t<div class=\"e-my-account-tab e-my-account-tab__\">\t\t\t<div class=\"woocommerce\"><\/div>\t\t<\/div>\n\t\t\t\t\t\t<\/div>\n\t\t\t\t\t<\/div>\n\t\t\t\t<\/div>\n\t\t\t\t<\/div>","protected":false},"excerpt":{"rendered":"<p>K\u00f6sz\u00f6nt\u0151 Rendel\u00e9sek Let\u00f6lt\u00e9sek C\u00edmek Profil adatok Kijelentkez\u00e9s Hello Gary Patay (not Gary Patay? Log out) From your account dashboard you can view your recent orders, manage your shipping and billing addresses, and edit your password and account details.<\/p>","protected":false},"author":1,"featured_media":0,"parent":0,"menu_order":0,"comment_status":"closed","ping_status":"closed","template":"","meta":{"_acf_changed":false,"inline_featured_image":false,"footnotes":""},"class_list":["post-285","page","type-page","status-publish","hentry"],"acf":[],"meta_box":[],"_links":{"self":[{"href":"https:\/\/mobilsofa.com\/en\/wp-json\/wp\/v2\/pages\/285","targetHints":{"allow":["GET"]}}],"collection":[{"href":"https:\/\/mobilsofa.com\/en\/wp-json\/wp\/v2\/pages"}],"about":[{"href":"https:\/\/mobilsofa.com\/en\/wp-json\/wp\/v2\/types\/page"}],"author":[{"embeddable":true,"href":"https:\/\/mobilsofa.com\/en\/wp-json\/wp\/v2\/users\/1"}],"replies":[{"embeddable":true,"href":"https:\/\/mobilsofa.com\/en\/wp-json\/wp\/v2\/comments?post=285"}],"version-history":[{"count":7,"href":"https:\/\/mobilsofa.com\/en\/wp-json\/wp\/v2\/pages\/285\/revisions"}],"predecessor-version":[{"id":5144,"href":"https:\/\/mobilsofa.com\/en\/wp-json\/wp\/v2\/pages\/285\/revisions\/5144"}],"wp:attachment":[{"href":"https:\/\/mobilsofa.com\/en\/wp-json\/wp\/v2\/media?parent=285"}],"curies":[{"name":"wp","href":"https:\/\/api.w.org\/{rel}","templated":true}]}}