{"id":21656,"date":"2026-02-16T12:57:01","date_gmt":"2026-02-16T11:57:01","guid":{"rendered":"http:\/\/seven.mobilsofa.live\/?page_id=21656"},"modified":"2026-04-15T19:12:48","modified_gmt":"2026-04-15T17:12:48","slug":"chronological-order","status":"publish","type":"page","link":"https:\/\/mobilsofa.com\/en\/ajanlatikosar-ty\/","title":{"rendered":""},"content":{"rendered":"<div data-elementor-type=\"wp-page\" data-elementor-id=\"21656\" class=\"elementor elementor-21656\" data-elementor-post-type=\"page\">\n\t\t\t\t<div class=\"elementor-element elementor-element-e655cb9 e-flex e-con-boxed e-con e-parent\" data-id=\"e655cb9\" data-element_type=\"container\">\n\t\t\t\t\t<div class=\"e-con-inner\">\n\t\t\t\t<div class=\"elementor-element elementor-element-73118d5 elementor-widget elementor-widget-heading\" data-id=\"73118d5\" data-element_type=\"widget\" data-widget_type=\"heading.default\">\n\t\t\t\t\t<h1 class=\"elementor-heading-title elementor-size-default\">Thank you for thinking of us!<\/h1>\t\t\t\t<\/div>\n\t\t\t\t<div class=\"elementor-element elementor-element-a6580de elementor-widget__width-initial elementor-widget elementor-widget-text-editor\" data-id=\"a6580de\" data-element_type=\"widget\" data-widget_type=\"text-editor.default\">\n\t\t\t\t\t\t\t\t\t<p>Aj\u00e1nlatk\u00e9r\u00e9sedet megkaptuk. Kolleg\u00e1ink munkanapokon, 24-48 \u00f3r\u00e1n bel\u00fcl felveszik veled a kapcsolatot\u00e9s m\u00e1r ak\u00e1r 48 \u00f3r\u00e1n bel\u00fcl elk\u00fcldik az \u00e1raj\u00e1nlatot!<\/p>\t\t\t\t\t\t\t\t<\/div>\n\t\t\t\t<div class=\"elementor-element elementor-element-b43ecd4 elementor-align-center elementor-mobile-align-left elementor-hidden-mobile elementor-widget-mobile__width-inherit elementor-widget elementor-widget-button\" data-id=\"b43ecd4\" data-element_type=\"widget\" data-widget_type=\"button.default\">\n\t\t\t\t\t\t\t\t\t\t<a class=\"elementor-button elementor-button-link elementor-size-sm\" href=\"http:\/\/mobilsofa.com\/en\/\">\n\t\t\t\t\t\t<span class=\"elementor-button-content-wrapper\">\n\t\t\t\t\t\t<span class=\"elementor-button-icon\">\n\t\t\t\t<svg aria-hidden=\"true\" class=\"e-font-icon-svg e-fas-arrow-right\" viewbox=\"0 0 448 512\" xmlns=\"http:\/\/www.w3.org\/2000\/svg\"><path d=\"M190.5 66.9l22.2-22.2c9.4-9.4 24.6-9.4 33.9 0L441 239c9.4 9.4 9.4 24.6 0 33.9L246.6 467.3c-9.4 9.4-24.6 9.4-33.9 0l-22.2-22.2c-9.5-9.5-9.3-25 .4-34.3L311.4 296H24c-13.3 0-24-10.7-24-24v-32c0-13.3 10.7-24 24-24h287.4L190.9 101.2c-9.8-9.3-10-24.8-.4-34.3z\"><\/path><\/svg>\t\t\t<\/span>\n\t\t\t\t\t\t\t\t\t<span class=\"elementor-button-text\">Back to the main page<\/span>\n\t\t\t\t\t<\/span>\n\t\t\t\t\t<\/a>\n\t\t\t\t\t\t\t\t<\/div>\n\t\t\t\t\t<\/div>\n\t\t\t\t<\/div>\n\t\t\t\t<\/div>","protected":false},"excerpt":{"rendered":"<p>K\u00f6sz\u00f6nj\u00fck, hogy r\u00e1nk gondolt\u00e1l! Aj\u00e1nlatk\u00e9r\u00e9sedet megkaptuk. Kolleg\u00e1ink munkanapokon, 24-48 \u00f3r\u00e1n bel\u00fcl felveszik veled a kapcsolatot\u00e9s m\u00e1r ak\u00e1r 48 \u00f3r\u00e1n bel\u00fcl elk\u00fcldik az \u00e1raj\u00e1nlatot! Vissza a f\u0151oldalra<\/p>","protected":false},"author":5,"featured_media":0,"parent":0,"menu_order":0,"comment_status":"closed","ping_status":"closed","template":"","meta":{"_acf_changed":false,"inline_featured_image":false,"footnotes":""},"class_list":["post-21656","page","type-page","status-publish","hentry"],"acf":[],"meta_box":[],"_links":{"self":[{"href":"https:\/\/mobilsofa.com\/en\/wp-json\/wp\/v2\/pages\/21656","targetHints":{"allow":["GET"]}}],"collection":[{"href":"https:\/\/mobilsofa.com\/en\/wp-json\/wp\/v2\/pages"}],"about":[{"href":"https:\/\/mobilsofa.com\/en\/wp-json\/wp\/v2\/types\/page"}],"author":[{"embeddable":true,"href":"https:\/\/mobilsofa.com\/en\/wp-json\/wp\/v2\/users\/5"}],"replies":[{"embeddable":true,"href":"https:\/\/mobilsofa.com\/en\/wp-json\/wp\/v2\/comments?post=21656"}],"version-history":[{"count":18,"href":"https:\/\/mobilsofa.com\/en\/wp-json\/wp\/v2\/pages\/21656\/revisions"}],"predecessor-version":[{"id":23109,"href":"https:\/\/mobilsofa.com\/en\/wp-json\/wp\/v2\/pages\/21656\/revisions\/23109"}],"wp:attachment":[{"href":"https:\/\/mobilsofa.com\/en\/wp-json\/wp\/v2\/media?parent=21656"}],"curies":[{"name":"wp","href":"https:\/\/api.w.org\/{rel}","templated":true}]}}