{"id":21068,"date":"2026-02-09T15:57:12","date_gmt":"2026-02-09T14:57:12","guid":{"rendered":"http:\/\/seven.mobilsofa.live\/?page_id=21068"},"modified":"2026-03-04T09:48:31","modified_gmt":"2026-03-04T08:48:31","slug":"masthead","status":"publish","type":"page","link":"https:\/\/mobilsofa.com\/en\/impresszum\/","title":{"rendered":"Imprint"},"content":{"rendered":"<div style=\"height:50px\" aria-hidden=\"true\" class=\"wp-block-spacer\"><\/div>\n\n\n\n<h3 class=\"wp-block-heading\"><strong>Company details<\/strong><\/h3>\n\n\n\n<p><strong>Company name:<\/strong>\u00a0Mobilsofa Ltd.<br><strong>Tax number:<\/strong>\u00a014224511-2-43<br><strong>Seat:<\/strong>\u00a01126 Budapest, N\u00e9metv\u00f6lgyi \u00fat 8.<br><strong>Mailing address:<\/strong>\u00a01103 Budapest, Gergely utca 112\/C<br><strong>Phone number:<\/strong>\u00a006-1-123-4567<br><strong>E-mail address:<\/strong>\u00a0<a href=\"\/en\/hello@mobilsofa.com\/\">hello@mobilsofa.com<\/a><br><strong>Company registration number:<\/strong>\u00a001-09-894433<br><strong>Bank account number:<\/strong>\u00a0Oberbank 1840 0010 1000 0231 1302 4975<\/p>\n\n\n\n<div style=\"height:50px\" aria-hidden=\"true\" class=\"wp-block-spacer\"><\/div>\n\n\n\n<h3 class=\"wp-block-heading\"><strong>Web hosting provider details<\/strong><\/h3>\n\n\n\n<p><strong>Company name:<\/strong>&nbsp;<strong>T\u00e1rhely.Eu Service Provider Ltd.<\/strong><br><strong>Seat:<\/strong>&nbsp;1144 Budapest, Orm\u00e1ns\u00e1g utca 4.<br><strong>Branch office:<\/strong>&nbsp;1144 Budapest, Orm\u00e1ns\u00e1g utca 4.<br><strong>Web address:<\/strong>&nbsp;<a href=\"http:\/\/tarhely.eu\" target=\"_blank\" rel=\"noopener\">tarhely.eu<\/a><br><strong>Availability:<\/strong>&nbsp;<a href=\"http:\/\/tarhely.eu\" target=\"_blank\" rel=\"noopener\">tarhely.eu<\/a><\/p>\n\n\n\n<div style=\"height:50px\" aria-hidden=\"true\" class=\"wp-block-spacer\"><\/div>","protected":false},"excerpt":{"rendered":"<p>V\u00e1llalkoz\u00e1s adatai C\u00e9gn\u00e9v:\u00a0Mobilsofa Kft.Ad\u00f3sz\u00e1m:\u00a014224511-2-43Sz\u00e9khely:\u00a01126 Budapest, N\u00e9metv\u00f6lgyi \u00fat 8.Levelez\u00e9si c\u00edm:\u00a01103 Budapest, Gergely utca 112\/CTelefonsz\u00e1m:\u00a006-1-123-4567E-mail c\u00edm:\u00a0hello@mobilsofa.comC\u00e9gjegyz\u00e9ksz\u00e1m:\u00a001-09-894433Banksz\u00e1mlasz\u00e1m:\u00a0Oberbank 1840 0010 1000 0231 1302 4975 Webt\u00e1rhely szolg\u00e1ltat\u00f3 adatai C\u00e9gn\u00e9v:&nbsp;T\u00e1rhely.Eu Szolg\u00e1ltat\u00f3 Kft.Sz\u00e9khely:&nbsp;1144 Budapest, Orm\u00e1ns\u00e1g utca 4.Fi\u00f3ktelep:&nbsp;1144 Budapest, Orm\u00e1ns\u00e1g utca 4.Webc\u00edm:&nbsp;tarhely.euEl\u00e9rhet\u0151s\u00e9g:&nbsp;tarhely.eu<\/p>","protected":false},"author":5,"featured_media":0,"parent":0,"menu_order":0,"comment_status":"closed","ping_status":"closed","template":"","meta":{"_acf_changed":false,"inline_featured_image":false,"footnotes":""},"class_list":["post-21068","page","type-page","status-publish","hentry"],"acf":[],"meta_box":[],"_links":{"self":[{"href":"https:\/\/mobilsofa.com\/en\/wp-json\/wp\/v2\/pages\/21068","targetHints":{"allow":["GET"]}}],"collection":[{"href":"https:\/\/mobilsofa.com\/en\/wp-json\/wp\/v2\/pages"}],"about":[{"href":"https:\/\/mobilsofa.com\/en\/wp-json\/wp\/v2\/types\/page"}],"author":[{"embeddable":true,"href":"https:\/\/mobilsofa.com\/en\/wp-json\/wp\/v2\/users\/5"}],"replies":[{"embeddable":true,"href":"https:\/\/mobilsofa.com\/en\/wp-json\/wp\/v2\/comments?post=21068"}],"version-history":[{"count":7,"href":"https:\/\/mobilsofa.com\/en\/wp-json\/wp\/v2\/pages\/21068\/revisions"}],"predecessor-version":[{"id":22289,"href":"https:\/\/mobilsofa.com\/en\/wp-json\/wp\/v2\/pages\/21068\/revisions\/22289"}],"wp:attachment":[{"href":"https:\/\/mobilsofa.com\/en\/wp-json\/wp\/v2\/media?parent=21068"}],"curies":[{"name":"wp","href":"https:\/\/api.w.org\/{rel}","templated":true}]}}